{"id":707,"date":"2021-06-09T01:28:13","date_gmt":"2021-06-08T23:28:13","guid":{"rendered":"https:\/\/www.celadagroup.com\/?page_id=707"},"modified":"2025-04-17T16:22:39","modified_gmt":"2025-04-17T14:22:39","slug":"macchine-utensili-usate","status":"publish","type":"page","link":"https:\/\/www.celadagroup.com\/it\/macchine-utensili-usate\/","title":{"rendered":"Usato"},"content":{"rendered":"","protected":false},"excerpt":{"rendered":"","protected":false},"author":4,"featured_media":0,"parent":0,"menu_order":13,"comment_status":"closed","ping_status":"closed","template":"page-usato.php","meta":{"footnotes":""},"class_list":["post-707","page","type-page","status-publish","hentry"],"acf":[],"yoast_head":"<!-- This site is optimized with the Yoast SEO plugin v26.8 - https:\/\/yoast.com\/product\/yoast-seo-wordpress\/ -->\n<title>Macchine utensili usate, affidabili e di qualit\u00e0 | Mautus | Celada<\/title>\n<meta name=\"description\" content=\"Mautus \u00e8 la divisione di Celada, che ha lo scopo di soddisfare la domanda di macchine utensili usate, ma di qualit\u00e0 superiore.\" \/>\n<meta name=\"robots\" content=\"index, follow, max-snippet:-1, max-image-preview:large, max-video-preview:-1\" \/>\n<link rel=\"canonical\" href=\"https:\/\/www.celadagroup.com\/it\/macchine-utensili-usate\/\" \/>\n<meta property=\"og:locale\" content=\"it_IT\" \/>\n<meta property=\"og:type\" content=\"article\" \/>\n<meta property=\"og:title\" content=\"Macchine utensili usate, affidabili e di qualit\u00e0 | Mautus | Celada\" \/>\n<meta property=\"og:description\" content=\"Mautus \u00e8 la divisione di Celada, che ha lo scopo di soddisfare la domanda di macchine utensili usate, ma di qualit\u00e0 superiore.\" \/>\n<meta property=\"og:url\" content=\"https:\/\/www.celadagroup.com\/it\/macchine-utensili-usate\/\" \/>\n<meta property=\"og:site_name\" content=\"R.F. Celada Spa\" \/>\n<meta property=\"article:modified_time\" content=\"2025-04-17T14:22:39+00:00\" \/>\n<meta property=\"og:image\" content=\"https:\/\/www.celadagroup.com\/wp-content\/uploads\/2021\/09\/share-celada.png\" \/>\n\t<meta property=\"og:image:width\" content=\"1200\" \/>\n\t<meta property=\"og:image:height\" content=\"630\" \/>\n\t<meta property=\"og:image:type\" content=\"image\/png\" \/>\n<meta name=\"twitter:card\" content=\"summary_large_image\" \/>\n<script type=\"application\/ld+json\" class=\"yoast-schema-graph\">{\"@context\":\"https:\/\/schema.org\",\"@graph\":[{\"@type\":\"WebPage\",\"@id\":\"https:\/\/www.celadagroup.com\/it\/macchine-utensili-usate\/\",\"url\":\"https:\/\/www.celadagroup.com\/it\/macchine-utensili-usate\/\",\"name\":\"Macchine utensili usate, affidabili e di qualit\u00e0 | Mautus | Celada\",\"isPartOf\":{\"@id\":\"https:\/\/www.celadagroup.com\/it\/#website\"},\"datePublished\":\"2021-06-08T23:28:13+00:00\",\"dateModified\":\"2025-04-17T14:22:39+00:00\",\"description\":\"Mautus \u00e8 la divisione di Celada, che ha lo scopo di soddisfare la domanda di macchine utensili usate, ma di qualit\u00e0 superiore.\",\"breadcrumb\":{\"@id\":\"https:\/\/www.celadagroup.com\/it\/macchine-utensili-usate\/#breadcrumb\"},\"inLanguage\":\"it-IT\",\"potentialAction\":[{\"@type\":\"ReadAction\",\"target\":[\"https:\/\/www.celadagroup.com\/it\/macchine-utensili-usate\/\"]}]},{\"@type\":\"BreadcrumbList\",\"@id\":\"https:\/\/www.celadagroup.com\/it\/macchine-utensili-usate\/#breadcrumb\",\"itemListElement\":[{\"@type\":\"ListItem\",\"position\":1,\"name\":\"Home\",\"item\":\"https:\/\/www.celadagroup.com\/it\/\"},{\"@type\":\"ListItem\",\"position\":2,\"name\":\"Usato\"}]},{\"@type\":\"WebSite\",\"@id\":\"https:\/\/www.celadagroup.com\/it\/#website\",\"url\":\"https:\/\/www.celadagroup.com\/it\/\",\"name\":\"R.F. Celada Spa\",\"description\":\"Macchine utensili\",\"potentialAction\":[{\"@type\":\"SearchAction\",\"target\":{\"@type\":\"EntryPoint\",\"urlTemplate\":\"https:\/\/www.celadagroup.com\/it\/?s={search_term_string}\"},\"query-input\":{\"@type\":\"PropertyValueSpecification\",\"valueRequired\":true,\"valueName\":\"search_term_string\"}}],\"inLanguage\":\"it-IT\"}]}<\/script>\n<!-- \/ Yoast SEO plugin. -->","yoast_head_json":{"title":"Macchine utensili usate, affidabili e di qualit\u00e0 | Mautus | Celada","description":"Mautus \u00e8 la divisione di Celada, che ha lo scopo di soddisfare la domanda di macchine utensili usate, ma di qualit\u00e0 superiore.","robots":{"index":"index","follow":"follow","max-snippet":"max-snippet:-1","max-image-preview":"max-image-preview:large","max-video-preview":"max-video-preview:-1"},"canonical":"https:\/\/www.celadagroup.com\/it\/macchine-utensili-usate\/","og_locale":"it_IT","og_type":"article","og_title":"Macchine utensili usate, affidabili e di qualit\u00e0 | Mautus | Celada","og_description":"Mautus \u00e8 la divisione di Celada, che ha lo scopo di soddisfare la domanda di macchine utensili usate, ma di qualit\u00e0 superiore.","og_url":"https:\/\/www.celadagroup.com\/it\/macchine-utensili-usate\/","og_site_name":"R.F. Celada Spa","article_modified_time":"2025-04-17T14:22:39+00:00","og_image":[{"width":1200,"height":630,"url":"https:\/\/www.celadagroup.com\/wp-content\/uploads\/2021\/09\/share-celada.png","type":"image\/png"}],"twitter_card":"summary_large_image","schema":{"@context":"https:\/\/schema.org","@graph":[{"@type":"WebPage","@id":"https:\/\/www.celadagroup.com\/it\/macchine-utensili-usate\/","url":"https:\/\/www.celadagroup.com\/it\/macchine-utensili-usate\/","name":"Macchine utensili usate, affidabili e di qualit\u00e0 | Mautus | Celada","isPartOf":{"@id":"https:\/\/www.celadagroup.com\/it\/#website"},"datePublished":"2021-06-08T23:28:13+00:00","dateModified":"2025-04-17T14:22:39+00:00","description":"Mautus \u00e8 la divisione di Celada, che ha lo scopo di soddisfare la domanda di macchine utensili usate, ma di qualit\u00e0 superiore.","breadcrumb":{"@id":"https:\/\/www.celadagroup.com\/it\/macchine-utensili-usate\/#breadcrumb"},"inLanguage":"it-IT","potentialAction":[{"@type":"ReadAction","target":["https:\/\/www.celadagroup.com\/it\/macchine-utensili-usate\/"]}]},{"@type":"BreadcrumbList","@id":"https:\/\/www.celadagroup.com\/it\/macchine-utensili-usate\/#breadcrumb","itemListElement":[{"@type":"ListItem","position":1,"name":"Home","item":"https:\/\/www.celadagroup.com\/it\/"},{"@type":"ListItem","position":2,"name":"Usato"}]},{"@type":"WebSite","@id":"https:\/\/www.celadagroup.com\/it\/#website","url":"https:\/\/www.celadagroup.com\/it\/","name":"R.F. Celada Spa","description":"Macchine utensili","potentialAction":[{"@type":"SearchAction","target":{"@type":"EntryPoint","urlTemplate":"https:\/\/www.celadagroup.com\/it\/?s={search_term_string}"},"query-input":{"@type":"PropertyValueSpecification","valueRequired":true,"valueName":"search_term_string"}}],"inLanguage":"it-IT"}]}},"_links":{"self":[{"href":"https:\/\/www.celadagroup.com\/it\/wp-json\/wp\/v2\/pages\/707","targetHints":{"allow":["GET"]}}],"collection":[{"href":"https:\/\/www.celadagroup.com\/it\/wp-json\/wp\/v2\/pages"}],"about":[{"href":"https:\/\/www.celadagroup.com\/it\/wp-json\/wp\/v2\/types\/page"}],"author":[{"embeddable":true,"href":"https:\/\/www.celadagroup.com\/it\/wp-json\/wp\/v2\/users\/4"}],"replies":[{"embeddable":true,"href":"https:\/\/www.celadagroup.com\/it\/wp-json\/wp\/v2\/comments?post=707"}],"version-history":[{"count":3,"href":"https:\/\/www.celadagroup.com\/it\/wp-json\/wp\/v2\/pages\/707\/revisions"}],"predecessor-version":[{"id":8670,"href":"https:\/\/www.celadagroup.com\/it\/wp-json\/wp\/v2\/pages\/707\/revisions\/8670"}],"wp:attachment":[{"href":"https:\/\/www.celadagroup.com\/it\/wp-json\/wp\/v2\/media?parent=707"}],"curies":[{"name":"wp","href":"https:\/\/api.w.org\/{rel}","templated":true}]}}